{"id":75,"date":"2022-01-22T11:12:14","date_gmt":"2022-01-22T10:12:14","guid":{"rendered":"https:\/\/www.gewerbeimmo-ulm.de\/wordpress\/?page_id=75"},"modified":"2023-04-23T12:48:50","modified_gmt":"2023-04-23T10:48:50","slug":"impressum","status":"publish","type":"page","link":"https:\/\/www.gewerbeimmo-ulm.de\/wordpress\/impressum\/","title":{"rendered":"Impressum"},"content":{"rendered":"\n<p><img loading=\"lazy\" height=\"74\" width=\"224\" src=\"https:\/\/www.gewerbeimmo-ulm.de\/Images\/gewerbeimmo-klein.jpg\"><br>Abele Gewerbe- Industrie Immobilien<br>Inhaber: Klaus Abele<br>Ludwigstr. 11<br>89231 Neu Ulm<br>Telefon: 0731\/2506232<br>Telefax: 0731\/2507316<br>E-Mail: info@gewerbeimmo-ulm.de<\/p>\n\n\n\n<p><strong>Rechtliche Angaben<\/strong><br>USt-IdNr.: DE51738934202<\/p>\n\n\n\n<p>Verantwortlich f\u00fcr den Inhalt nach \u00a7 55 Abs. 2 RStV:<br>Klaus Abele<br>Ludwigstr. 11<br>89231 Neu-Ulm<\/p>\n\n\n\n<p>Gewerbeerlaubnis gem. \u00a734c GewO wurde erteilt durch:<br>Stadt Neu Ulm,Augsburger Strasse 15, 89231 Neu-Ulm<\/p>\n\n\n\n<p>Zust\u00e4ndige Aufsichtsbeh\u00f6rde:<br>IHK f\u00fcr M\u00fcnchen und Oberbayern<br>Max-Joseph-Stra\u00dfe 2<br>80333 M\u00fcnchen<\/p>\n\n\n\n<p>Bemerkungen:<br>Hompage: www.gewerbeimmo-ulm.de<\/p>\n\n\n\n<p>Link zur Datenschutzerklaerung:&nbsp;<a href=\"https:\/\/www.gewerbeimmo-ulm.de\/wordpress\/datenschutzerklaerung\/\" data-type=\"URL\" data-id=\"https:\/\/www.gewerbeimmo-ulm.de\/wordpress\/datenschutzerklaerung\/\">Datenschutzerklaerung<\/a><\/p>\n\n\n\n<p><\/p>\n\n\n\n<p><\/p>\n\n\n\n<p><\/p>\n","protected":false},"excerpt":{"rendered":"<p>Abele Gewerbe- Industrie ImmobilienInhaber: Klaus AbeleLudwigstr. 1189231 Neu UlmTelefon: 0731\/2506232Telefax: 0731\/2507316E-Mail: info@gewerbeimmo-ulm.de Rechtliche AngabenUSt-IdNr.: DE51738934202 Verantwortlich f\u00fcr den Inhalt nach \u00a7 55 Abs. 2 RStV:Klaus&hellip;<\/p>\n","protected":false},"author":1,"featured_media":0,"parent":0,"menu_order":0,"comment_status":"closed","ping_status":"closed","template":"","meta":[],"aioseo_notices":[],"_links":{"self":[{"href":"https:\/\/www.gewerbeimmo-ulm.de\/wordpress\/wp-json\/wp\/v2\/pages\/75"}],"collection":[{"href":"https:\/\/www.gewerbeimmo-ulm.de\/wordpress\/wp-json\/wp\/v2\/pages"}],"about":[{"href":"https:\/\/www.gewerbeimmo-ulm.de\/wordpress\/wp-json\/wp\/v2\/types\/page"}],"author":[{"embeddable":true,"href":"https:\/\/www.gewerbeimmo-ulm.de\/wordpress\/wp-json\/wp\/v2\/users\/1"}],"replies":[{"embeddable":true,"href":"https:\/\/www.gewerbeimmo-ulm.de\/wordpress\/wp-json\/wp\/v2\/comments?post=75"}],"version-history":[{"count":3,"href":"https:\/\/www.gewerbeimmo-ulm.de\/wordpress\/wp-json\/wp\/v2\/pages\/75\/revisions"}],"predecessor-version":[{"id":140,"href":"https:\/\/www.gewerbeimmo-ulm.de\/wordpress\/wp-json\/wp\/v2\/pages\/75\/revisions\/140"}],"wp:attachment":[{"href":"https:\/\/www.gewerbeimmo-ulm.de\/wordpress\/wp-json\/wp\/v2\/media?parent=75"}],"curies":[{"name":"wp","href":"https:\/\/api.w.org\/{rel}","templated":true}]}}