{"id":55,"date":"2022-01-22T09:32:58","date_gmt":"2022-01-22T08:32:58","guid":{"rendered":"https:\/\/www.gewerbeimmo-ulm.de\/wordpress\/?page_id=55"},"modified":"2022-01-22T11:39:57","modified_gmt":"2022-01-22T10:39:57","slug":"datenschutzerklaerung","status":"publish","type":"page","link":"https:\/\/www.gewerbeimmo-ulm.de\/wordpress\/datenschutzerklaerung\/","title":{"rendered":"Datenschutzerkl\u00e4rung"},"content":{"rendered":"\n<p><img loading=\"lazy\" src=\"https:\/\/www.gewerbeimmo-ulm.de\/Images\/gewerbeimmo-klein.jpg\" height=\"74\" width=\"224\"><br>Abele Gewerbe- Industrie Immobilien<br>Ludwigstr. 11<br>89231 Neu Ulm<br>Telefon: 0731\/2506232<br>Telefax: 0731\/2507316<br>E-Mail: info@gewerbeimmo-ulm.de<\/p>\n\n\n\n<p>Ab dem 25.Mai 2018 tritt die DSGVO in Kraft<br>\u00dcber diesen Link gelangen Sie zur kompletten Datenschutzgrundverordnung:<br><a href=\"https:\/\/dsgvo-gesetz.de\/\">https:\/\/dsgvo-gesetz.de\/<\/a><\/p>\n\n\n\n<p>Diese Datenschutzerkl\u00e4rung informiert Sie \u00fcber die Art, den Umfang und Zweck der Verarbeitung von personenbezogenen Daten (nachfolgend kurz &#8222;Daten&#8220;) im Rahmen der Erbringung unserer Leistungen sowie innerhalb unseres Onlineangebotes und der mit ihm verbundenen Webseiten, Funktionen und Inhalte sowie externen Onlinepr\u00e4senzen, wie z.B. unserer Social Media Profile.<\/p>\n\n\n\n<p><strong>Verantwortlicher<\/strong><\/p>\n\n\n\n<p>Abele Gewerbe- Industrie Immobilien<br>Ludwigstra\u00dfe 11<br>89231 Neu-Ulm (Deutschland)<br>E-Mailadresse: info@gewerbeimmo-ulm.de<br>Gesch\u00e4ftsf\u00fchrer: Herr Klaus Abele<br>Link zum Impressum :&nbsp;<a href=\"https:\/\/www.gewerbeimmo-ulm.de\/impressum.html\">Impressum<\/a><\/p>\n\n\n\n<p><strong>Die Arten der verwaltenden Daten<\/strong><br>&#8211; Bestandsdaten (z.B., Personen-Stammdaten, Namen oder Adressen)<br>&#8211; Kontaktdaten (z.B., E-Mail, Telefonnummern)<br>&#8211; Inhaltsdaten (z.B., Texteingaben, Fotografien, Videos)<br>&#8211; Nutzungsdaten (z.B., besuchte Webseiten, Interesse an Inhalten, Zugriffszeiten)<br>&#8211; Meta\/Kommunikationsdaten (z.B., Ger\u00e4te-Informationen, IP-Adressen)<\/p>\n\n\n\n<p><strong>Kategorien betroffener Personen<\/strong><br>Besucher und Nutzer des Immobilienangebotes<\/p>\n\n\n\n<p>Zweck der Verarbeitung<br>&#8211; Zurverf\u00fcgungstellung des Immobilienangebotes, seiner Funktionen und Inhalte<br>&#8211; Beantwortung von Kontaktanfragen und Kommunikation mit Nutzern<br>&#8211; Sicherheitsma\u00dfnahmen<br>&#8211; Reichweitenmessung\/Marketing<\/p>\n\n\n\n<p><strong>Definition der Begriffe<\/strong><\/p>\n\n\n\n<p>Was sind Personenbezogene Daten?<br>Personenbezogene Daten&#8220; sind alle Informationen, die sich auf eine identifizierte oder identifizierbare nat\u00fcrliche Person (im Folgenden &#8222;betroffene Person&#8220;) beziehen; als identifizierbar wird eine nat\u00fcrliche Person angesehen, die direkt oder indirekt, insbesondere mittels Zuordnung zu einer Kennung wie einem Namen, zu einer Kennnummer, zu Standortdaten, zu einer Online-Kennung(z.B. Cookie) oder zu einem oder mehreren besonderen Merkmalen identifiziert werden kann.<\/p>\n\n\n\n<p>Was bedeutet Verarbeitung?<br>&#8222;Verarbeitung&#8220; ist jeder mit oder ohne Hilfe automatisierter Verfahren ausgef\u00fchrte Vorgang oder jede solche Vorgangsreihe im Zusammenhang mit personenbezogenen Daten. Der Begriff reicht weit und umfasst praktisch jeden Umgang mit Daten.<\/p>\n\n\n\n<p>Was bedeutet Profiling?<br>&#8222;Profiling ist&#8220; jede Art der automatisierten Verarbeitung personenbezogener Daten, die darin besteht, dass diese personenbezogenen Daten verwendet werden, um bestimmte pers\u00f6nliche Aspekte, die sich auf eine nat\u00fcrliche Person beziehen, zu bewerten.<\/p>\n\n\n\n<p>Wer ist ein Verantwortlicher?<br>Als &#8222;Verantwortlicher&#8220; wird die nat\u00fcrliche oder juristische Person, Beh\u00f6rde, Einrichtung oder andere Stelle, die allein oder gemeinsam mit anderen \u00fcber die Zwecke und Mittel der Verarbeitung von personenbezogenen Daten entscheidet, bezeichnet.<\/p>\n\n\n\n<p>Was ist die Pseudonymisierung?<br>&#8222;Pseudonymisierung&#8220; ist die Verarbeitung personenbezogener Daten in der Art und Weise, dass die personenbezogenen Daten ohne zus\u00e4tzlicher Informationen nicht mehr einer Person zugeordnet werden k\u00f6nnen, sofern diese zus\u00e4tzlichen Informationen seperat aufbewahrt werden und technischen und organisatorischen Ma\u00dfnahmen unterliegen, die gew\u00e4hrleisten, dass die personenbezogenen Daten nicht einer identifizierten oder identifizierbaren nat\u00fcrlichen Person zugewiesen werden.<\/p>\n\n\n\n<p>Wer ist ein Auftragsverarbeiter?<br>Ein &#8222;Auftragsverarbeiter&#8220; ist eine nat\u00fcrliche oder juristische Person, Beh\u00f6rde, Einrichtung oder andere Stelle, die personenbezogene Daten im Auftrag des Verantwortlichen verarbeitet.<\/p>\n\n\n\n<p>Die Rechtsgrundlagen<br>Nach Art. 13 DSGVO informieren wir Sie hier \u00fcber die Rechtsgrundlagen unserer Datenverarbeitungen.<br>Die Rechtsgrundlage f\u00fcr die erforderliche Verarbeitung zur Wahrnehmung einer Aufgabe, die im \u00f6ffentlichen Interesse liegt oder in Aus\u00fcbung \u00f6ffentlicher Gewalt erfolgt, die dem Verantwortlichen \u00fcbertragen wurde ist in Art. 6 Abs. 1 lit. e DSGVO beschrieben.<br>Die Rechtsgrundlage f\u00fcr die Verarbeitung zur Erf\u00fcllung unserer Leistungen und Durchf\u00fchrung vertraglicher Ma\u00dfnahmen sowie Beantwortung von Anfragen ist Art. 6 Abs. 1 lit. b DSGVO<br>Die Rechtsgrundlage f\u00fcr die Einholung von Einwilligungen ist Art. 6 Abs. 1 lit. a und Art. 7 DSGVO<br>Die Rechtsgrundlage f\u00fcr die Verarbeitung zur Erf\u00fcllung unserer rechtlichen Verpflichtungen ist in Art. 6 Abs. 1 lit. c DSGVO beschrieben<br>F\u00fcr den Fall, dass lebenswichtige Interessen der betroffenen Person oder einer anderen nat\u00fcrlichen Person eine Verarbeitung personenbezogener Daten erforderlich machen, dient Art. 6 Abs. 1 lit. d DSGVO als Rechtsgrundlage.<br>Die Rechtsgrundlage f\u00fcr die Verarbeitung zur Wahrung unserer berechtigten Interessen ist Art. 6 Abs. 1 lit. f DSGVO.<br>Die Verarbeitung von Daten zu anderen Zwecken als denen, zu denen sie erhoben wurden, ergibt sich nach den Vorgaben des Art 6 Abs. 4 DSGVO.<\/p>\n\n\n\n<p><strong>Rechte der betroffenen Personen<\/strong><br>Auskunftsrecht: Sie haben das Recht, eine Best\u00e4tigung dar\u00fcber zu verlangen, ob betreffende Daten verarbeitet werden und auf Auskunft \u00fcber diese Daten sowie auf weitere Informationen und Kopie der Daten entsprechend den gesetzlichen Vorgaben.<br>Bei Fragen zu Ihren gespeicherten Daten k\u00f6nnen Sie sich schriftlich per Brief an uns wenden oder per mail an&nbsp;info@gewerbeimmo-ulm.de.<\/p>\n\n\n\n<p><strong>Recht auf Berichtigung:<\/strong>&nbsp;Sie haben entsprechend, den gesetzlichen Vorgaben das Recht, die Vervollst\u00e4ndigung der Sie betreffenden Daten oder die Berichtigung der Sie betreffenden unrichtigen Daten zu verlangen.<\/p>\n\n\n\n<p><strong>Recht auf L\u00f6schung und Einschr\u00e4nkung der Verarbeitung:<\/strong>&nbsp;Sie haben nach Ma\u00dfgabe der gesetzlichen Vorgaben das Recht zu verlangen, dass betreffende Daten unverz\u00fcglich gel\u00f6scht werden, bzw. alternativ nach Ma\u00dfgabe der gesetzlichen Vorgaben eine Einschr\u00e4nkung der Verarbeitung der Daten zu verlangen.<\/p>\n\n\n\n<p><strong>Recht auf Daten\u00fcbertragbarkeit:<\/strong>&nbsp;Sie haben das Recht, Sie betreffende Daten, die Sie uns bereitgestellt haben, nach Ma\u00dfgabe der gesetzlichen Vorgaben in einem strukturierten, g\u00e4ngigen und maschinenlesbaren Format zu erhalten oder deren \u00dcbermittlung an einen anderen Verantwortlichen zu fordern.<\/p>\n\n\n\n<p><strong>Beschwerde bei Aufsichtsbeh\u00f6rde:<\/strong>&nbsp;Sie haben ferner nach Ma\u00dfgabe der gesetzlichen Vorgaben das Recht, eine Beschwerde bei der zust\u00e4ndigen Aufsichtsbeh\u00f6rde einzureichen.<\/p>\n\n\n\n<p><strong>Widerrufsrecht:<\/strong>&nbsp;Sie haben das Recht, erteilte Einwilligungen mit Wirkung f\u00fcr die Zukunft zu widerrufen.<\/p>\n\n\n\n<p><strong>Widerspruchsrecht:<\/strong>&nbsp;Sie haben das Recht, aus Gr\u00fcnden, die sich aus Ihrer besonderen Situation ergeben, jederzeit gegen die Verarbeitung der Sie betreffenden personenbezogenen Daten, die aufgrund von Art. 6 Abs. 1 lit. e oder f DSGVO erfolgt, Widerspruch einzulegen; dies gilt auch f\u00fcr ein auf diese Bestimmungen gest\u00fctztes Profiling. Werden die Sie betreffenden personenbezogenen Daten verarbeitet, um Direktwerbung zu betreiben, haben Sie das Recht, jederzeit Widerspruch gegen die Verarbeitung der Sie betreffenden personenbezogenen Daten zum Zwecke derartiger Werbung einzulegen; dies gilt auch f\u00fcr das Profiling, soweit es mit solcher Direktwerbung in Verbindung steht.<\/p>\n\n\n\n<p><strong>\u00dcbermittlungen in Drittl\u00e4nder<\/strong><br>Wenn die Daten in einem Drittland (d.h. au\u00dferhalb der Europ\u00e4ischen Union (EU), des Europ\u00e4ischen Wirtschaftsraums (EWR) oder der Schweizer Eidgenossenschaft) verarbeiten oder dies im Rahmen der Inanspruchnahme von Diensten Dritter oder Offenlegung, bzw. \u00dcbermittlung von Daten an andere Personen oder Unternehmen geschieht, erfolgt dies nur, wenn es zur Erf\u00fcllung unserer (vor)vertraglichen Pflichten, auf Grundlage Ihrer Einwilligung, aufgrund einer rechtlichen Verpflichtung oder auf Grundlage unserer berechtigten Interessen geschieht.<br>Vorbehaltlich ausdr\u00fccklicher Einwilligung oder vertraglich erforderlicher \u00dcbermittlung, verarbeiten oder lassen wir die Daten nur in Drittl\u00e4ndern mit einem anerkannten Datenschutzniveau, zu denen die unter dem .Privacy-Shield&#8220; zertifizierten US-Verarbeiter geh\u00f6ren oder auf Grundlage besonderer Garantien, wie z.B. vertraglicher Verpflichtung durch sogenannte Standardschutzklauseln der EU-Kommission, dem Vorliegen von Zertifizierungen der verbindlichen internen Datenschutzvorschriften verarbeiten (Art. 44 bis 49 DSGVO, Informationsseite der EU-Kommission).<\/p>\n\n\n\n<p><strong>Zusammenarbeit mit Auftragsverarbeitern, gemeinsam Verantwortlichen und Dritten<\/strong><br>Sofern wir im Rahmen unserer Verarbeitung Daten gegen\u00fcber anderen Personen und Unternehmen (Auftragsverarbeitern, gemeinsam Verantwortlichen oder Dritten) sie an diese \u00fcbermitteln oder ihnen sonst Zugriff auf die Daten gew\u00e4hren, erfolgt dies nur auf Grundlage einer gesetzlichen Erlaubnis (z.B. wenn eine \u00dcbermittlung der Daten an Dritte, wie an Zahlungsdienstleister, zur Vertragserf\u00fcllung erforderlich ist), der Nutzer eingewilligt hat, eine rechtliche Verpflichtung gegeben ist oder auf Grundlage unserer berechtigten Interessen (z.B. beim Einsatz von Beauftragten, Webhostern, etc.).<\/p>\n\n\n\n<p><strong>L\u00f6schung von Daten<\/strong><br>Die von uns verarbeiteten Daten werden nach Ma\u00dfgabe der gesetzlichen Vorgaben gel\u00f6scht oder in ihrer Verarbeitung eingeschr\u00e4nkt. Sofern nicht im Rahmen dieser Datenschutzerkl\u00e4rung ausdr\u00fccklich angegeben, werden die bei uns gespeicherten Daten gel\u00f6scht, sobald sie f\u00fcr ihre Zweckbestimmung nicht mehr erforderlich sind und der L\u00f6schung keine gesetzlichen Aufbewahrungspflichten entgegenstehen.<br>Sofern die Daten nicht gel\u00f6scht werden, weil sie f\u00fcr andere und gesetzlich zul\u00e4ssige Zwecke erforderlich sind, wird deren Verarbeitung eingeschr\u00e4nkt. D.h. die Daten werden gesperrt und nicht f\u00fcr andere Zwecke verarbeitet. Das gilt z.B. f\u00fcr Daten, die aus handeis- oder steuerrechtlichen Gr\u00fcnden aufbewahrt werden m\u00fcssen.<\/p>\n\n\n\n<p><strong>Beschreibung der Sicherheitsma\u00dfnahmen<\/strong><br>Wir treffen nach Ma\u00dfgabe der gesetzlichen Vorgaben und unter Ber\u00fccksichtigung des Stands der Technik, der Implementierungskosten und der Art, des Umfangs, der Umst\u00e4nde und der Zwecke der Verarbeitung sowie der unterschiedlichen Eintrittswahrscheinlichkeit und Schwere es Risikos f\u00fcr die Rechte und Freiheiten nat\u00fcrlicher Personen, geeignete technische und organisatorische Ma\u00dfnahmen, um ein dem Risiko angemessenes Schutzniveau zu gew\u00e4hrleisten.<br>Zu den Ma\u00dfnahmen geh\u00f6ren insbesondere die Sicherung der Vertraulichkeit, Integrit\u00e4t und Verf\u00fcgbarkeit von Daten durch Kontrolle des physischen Zugangs zu den Daten, als auch des sie betreffenden Zugriffs, der Eingabe, Weitergabe, der Sicherung der Verf\u00fcgbarkeit und ihrer Trennung. Des Weiteren haben wir Verfahren eingerichtet, die eine Wahrnehmung von Betroffenenrechten, L\u00f6schung von Daten und Reaktion auf Gef\u00e4hrdung der Daten gew\u00e4hrleisten. Ferner ber\u00fccksichtigen wir den Schutz personenbezogener Daten bereits bei der Entwicklung, bzw. Auswahl von Hardware, Software sowie Verfahren, entsprechend dem Prinzip des Datenschutzes durch Technikgestaltung und durch datenschutzfreundliche Voreinstellungen.<\/p>\n\n\n\n<p><strong>\u00c4nderungen und Aktualisierungen der Datenschutzerkl\u00e4rung<\/strong><br>Wir bitten Sie sich regelm\u00e4\u00dfig \u00fcber den Inhalt unserer Datenschutzerkl\u00e4rung zu informieren. Wir passen die Datenschutzerkl\u00e4rung an, sobald \u00c4nderungen der von uns durchgef\u00fchrten Datenverarbeitung dies erforderlich machen. Wir informieren Sie umgehend, sobald durch die \u00c4nderungen eine Mitwirkungshandlung Ihrerseits (z.B. Einwilligung) oder eine sonstige individuelle Benachrichtigung erforderlich wird.<\/p>\n\n\n\n<p><strong>Kontaktaufnahme<\/strong><br>Bei der Kontaktaufnahme mit uns (z.B. per Kontaktformular, E-Mail, Telefon oder via sozialer Medien) werden die Angaben des Nutzers zur Bearbeitung der Kontaktanfrage und deren Abwicklung gem. Art. 6 Abs. 1 lit. b. (im Rahmen vertraglicher-\/vorvertraglicher Beziehungen), Art. 6 Abs. 1 lit. f. (andere Anfragen) DSGVO verarbeitet. Die Angaben der Nutzer k\u00f6nnen in einem Customer-Relationship-Management System (CRM System&#8220;) oder vergleichbarer Anfragenorganisation gespeichert werden.<br>Wir l\u00f6schen die Anfragen, sofern diese nicht mehr erforderlich sind. Wir \u00fcberpr\u00fcfen die Erforderlichkeit alle zwei Jahre; Ferner gelten die gesetzlichen Archivierungspflichten.<\/p>\n\n\n\n<p><strong>Keine Abmahnung ohne Kontakt!<\/strong><br>Im Falle der Geltendmachung von Anspr\u00fcchen jeglicher Art aus Urheber-, wettbewerbsrechtlichen sowie markenrechtlichen Angelegenheiten bitten wir, zur Vermeidung unn\u00f6tiger Rechtsstreitigkeiten, Abmahnungen und Kosten, uns umgehend zu kontaktieren. Falls Anspr\u00fcche der oben genannten Art reklamiert werden, sagen wir bereits hier vor einer endg\u00fcltigen rechtsverbindlichen Kl\u00e4rung Abhilfe zu, durch die eine eventuelle Wiederholungsgefahr verbindlich ausgeschlossen ist. Eine dennoch ergehende Kostennote einer anwaltlichen Abmahnung ohne vorhergehende Kontaktaufnahme w\u00fcrde sodann wegen Nichtbeachtung einer Schadensminderungspflicht zur\u00fcckgewiesen. Die in diesem Sinne unn\u00f6tigen bzw. unberechtigten Abmahnungen und Folgema\u00dfnahmen w\u00fcrden mit einer negativen Feststellungsklage beantwortet.<br>Information zur EU-weiten Regelung zur Online-Streitbeilegung<br>Mit der seit 06.01.2016 g\u00fcltigen EU-Verordnung Nr. 524\/2013 wurde eine neue EU-Plattform eingef\u00fchrt. Diese bietet eine einfache, effiziente, schnelle und kosteng\u00fcnstige au\u00dfergerichtliche L\u00f6sung f\u00fcr Streitigkeiten, die sich aus Online-Rechtsgesch\u00e4ften zwischen einem Unternehmer und Verbraucher ergeben.<br>\u00dcber diesen Link gelangen Sie zur EU-Schlichtungsstelle:&nbsp;<a href=\"http:\/\/ec.europa.eu\/consumers\/od\">http:\/\/ec.europa.eu\/consumers\/od<\/a><\/p>\n\n\n\n<p><strong>Haftung f\u00fcr Inhalte<\/strong><br>Die Inhalte unserer Seiten wurden mit gr\u00f6\u00dfter Sorgfalt erstellt. F\u00fcr die Richtigkeit, Vollst\u00e4ndigkeit und Aktualit\u00e4t der Inhalte k\u00f6nnen wir jedoch keine Gew\u00e4hr \u00fcbernehmen. Als Diensteanbieter sind wir gem\u00e4\u00df \u00a7 7 Abs.l TMG f\u00fcr eigene Inhalte auf diesen Seiten nach den allgemeinen Gesetzen verantwortlich. Nach \u00a7\u00a7 8 bis 10 TMG sind wir als Diensteanbieter jedoch nicht verpflichtet, \u00fcbermittelte oder gespeicherte fremde Informationen zu \u00fcberwachen oder nach Umst\u00e4nden zu forschen, die auf eine rechtswidrige T\u00e4tigkeit hinweisen. Verpflichtungen zur Entfernung oder Sperrung der Nutzung von Informationen nach den allgemeinen Gesetzen bleiben hiervon unber\u00fchrt. Eine diesbez\u00fcgliche Haftung ist jedoch erst ab dem Zeitpunkt der Kenntnis einer konkreten Rechtsverletzung m\u00f6glich. Bei Bekanntwerden von entsprechenden Rechtsverletzungen werden wir diese Inhalte umgehend entfernen.<\/p>\n\n\n\n<p><strong>Haftung f\u00fcr Links<\/strong><br>Unser Angebot enth\u00e4lt Links zu externen Webseiten Dritter, auf deren Inhalte wir keinen Einfluss haben. Deshalb k\u00f6nnen wir f\u00fcr diese fremden Inhalte auch keine Gew\u00e4hr \u00fcbernehmen. F\u00fcr die Inhalte der verlinkten Seiten ist stets der jeweilige Anbieter oder Betreiber der Seiten verantwortlich. Die verlinkten Seiten wurden zum Zeitpunkt der Verlinkung auf m\u00f6gliche Rechtsverst\u00f6\u00dfe \u00fcberpr\u00fcft. Rechtswidrige Inhalte waren zum Zeitpunkt der Verlinkung nicht erkennbar. Eine permanente inhaltliche Kontrolle der verlinkten Seiten ist jedoch ohne konkrete Anhaltspunkte einer Rechtsverletzung nicht zumutbar. Bei Bekanntwerden von Rechtsverletzungen werden wir derartige Links umgehend entfernen.<\/p>\n\n\n\n<p><strong>Urheberrecht<\/strong><br>Die durch die Seitenbetreiber erstellten Inhalte und Werke auf diesen Seiten unterliegen dem deutschen Urheberrecht. Die Vervielf\u00e4ltigung, Bearbeitung,Verbreitung und jede Art der Verwertung au\u00dferhalb der Grenzen des Urheberrechtes bed\u00fcrfen der schriftlichen Zustimmung des jeweiligen Autors bzw. Erstellers. Downloads und Kopien dieser Seite sind nur f\u00fcr den privaten, nicht kommerziellen Gebrauch gestattet. Soweit die Inhalte auf dieser Seite nicht vom Betreiber erstellt wurden, werden die Urheberrechte Dritter beachtet. Insbesondere werden Inhalte Dritter als solche gekennzeichnet. Sollten Sie trotzdem auf eine Urheberrechtsverletzung aufmerksam werden, bitten wir um einen entsprechenden Hinweis. Bei Bekanntwerden von Rechtsverletzungen werden wir derartige Inhalte umgehend entfernen.<\/p>\n\n\n\n<h1>Webseite Cookies<\/h1>\n\n\n\n<p><strong>Einsatz von Google (Universal) Analytics zur Webanalyse und Google +1<\/strong><br>Zur Webseitenanalyse setzt diese Website Google (Universal) Analytics und Google +1 ein. Der Webanalysedienst ist ein Angebot der Google Ireland Limited, einer nach irischem Recht eingetragenen und betriebenen Gesellschaft mit Sitz in Gordon House, Barrow Street, Dublin 4, Irland (www.google.de). Dies dient der Wahrung unserer im Rahmen einer Interessensabw\u00e4gung \u00fcberwiegenden berechtigten Interessen an einer optimierten Darstellung unseres Angebots gem\u00e4\u00df Art. 6 Abs. 1 S. 1 lit. f DSGVO. Google (Universal) Analytics verwendet Methoden, die eine Analyse der Benutzung der Website durch Sie erm\u00f6glichen, wie zum Beispiel Cookies. Die automatisch erhobenen Informationen \u00fcber Ihre Benutzung dieser Website werden in der Regel an einen Server von Google in den USA \u00fcbertragen und dort gespeichert. Durch die Aktivierung der IP-Anonymisierung auf dieser Webseite wird dabei die IP-Adresse vor der \u00dcbermittlung innerhalb der Mitgliedstaaten der Europ\u00e4ischen Union oder in anderen Vertragsstaaten des Abkommens \u00fcber den Europ\u00e4ischen Wirtschaftsraum gek\u00fcrzt. Nur in Ausnahmef\u00e4llen wird die volle IP-Adresse an einen Server von Google in den USA \u00fcbertragen und dort gek\u00fcrzt. Die im Rahmen von Google Analytics von Ihrem Browser \u00fcbermittelte anonymisierte IP-Adresse wird grunds\u00e4tzlich nicht mit anderen Daten von Google zusammengef\u00fchrt. Nach Zweckfortfall und Ende des Einsatzes von Google Analytics durch uns werden die in diesem Zusammenhang erhobenen Daten gel\u00f6scht.<br>Sie k\u00f6nnen die Erfassung der durch das Cookie erzeugten und auf Ihre Nutzung der Website bezogenen Daten (inkl. Ihrer IP-Adresse) an Google sowie die Verarbeitung dieser Daten durch Google verhindern, indem sie das unter dem folgenden Link verf\u00fcgbare Browser-Plugin herunterladen und installieren: https:\/\/tools.google.com\/dlpage\/gaoptout?hl=de Alternativ zum Browser-Plugin k\u00f6nnen Sie diesen Link klicken, um die Erfassung durch Google Analytics auf dieser Website zuk\u00fcnftig zu verhindern. Dabei wird ein Opt-Out-Cookie auf Ihrem Endger\u00e4t abgelegt. L\u00f6schen Sie Ihre Cookies, m\u00fcssen Sie den Link erneut klicken.<br>Auf unserer Website werden Social Buttons von sozialen Netzwerken verwendet.<br>Dies dient der Wahrung unserer im Rahmen einer Interessens-abw\u00e4gung \u00fcberwiegenden berechtigten Interessen an einer optimalen Vermarktung unseres Angebots gem\u00e4\u00df Art. 6 Abs. 1 S. 1 lit. f DSGVO. Um den Schutz Ihrer Daten beim Besuch unserer Website zu erh\u00f6hen, sind diese Buttons nicht uneingeschr\u00e4nkt als Plugins, sondern lediglich unter Verwendung eines HTML-Links in die Seite eingebunden. Diese Einbindung gew\u00e4hrleistet, dass beim Aufruf einer Seite unseres Webauftritts, die solche Buttons enth\u00e4lt, noch keine Verbindung mit den Servern des Anbieters des jeweiligen sozialen Netzwerks hergestellt wird.Klicken Sie auf einen der Buttons, \u00f6ffnet sich ein neues Fenster Ihres Browsers und ruft die Seite des jeweiligen Diensteanbieters auf, auf der Sie (ggf. nach Eingabe Ihrer Login-Daten) z.B. den Like- oder Share-Button bet\u00e4tigen k\u00f6nnen.<\/p>\n\n\n\n<p><strong>Unsere Onlinepr\u00e4senz auf Facebook, Google und Twitter<\/strong><br>Unsere Pr\u00e4senz auf sozialen Netzwerken und Plattformen dient einer besseren, aktiven Kommunikation mit unseren Kunden und Interessenten. Wir informieren dort \u00fcber unsere&nbsp;<strong>Objekte<\/strong>. Bei dem Besuch unserer Onlinepr\u00e4senzen in sozialen Medien k\u00f6nnen Ihre Daten f\u00fcr Marktforschungs- und Werbezwecke automatisch erhoben und gespeichert werden. Aus diesen Daten werden unter Verwendung von Pseudonymen sog. Nutzungsprofile erstellt. Diese k\u00f6nnen verwendet werden, um z.B. Werbeanzeigen innerhalb und au\u00dferhalb der Plattformen zu schalten, die mutma\u00dflich Ihren Interessen entsprechen. Zu diesem Zweck werden im Regelfall Cookies auf Ihrem Endger\u00e4t eingesetzt. In diesen Cookies werden das Besucherverhalten und die Interessen der Nutzer gespeichert. Dies dient gem. Art. 6 Abs. 1 lit. f. DSGVO der Wahrung unserer im Rahmen einer Interessensabw\u00e4gung \u00fcberwiegenden berechtigten Interessen an einer optimierten Darstellung unseres Angebots und effektiver Kommunikation mit den Kunden und Interessenten. Falls Sie von den jeweiligen Social-Media Plattformbetreibern um eine Einwilligung (Einverst\u00e4ndnis) in die Datenverarbeitung gebeten werden, z.B. mit Hilfe einer Checkbox, ist die Rechtsgrundlage der Datenverarbeitung Art. 6 Abs. 1 lit. a DSGVO.<br>Die detaillierten Informationen zur Verarbeitung und Nutzung der Daten durch die Anbieter auf deren Seiten sowie eine Kontaktm\u00f6glichkeit und Ihre diesbez\u00fcglichen Rechte und Einstellungsm\u00f6glichkeiten zum Schutz Ihrer Privatsph\u00e4re, insbesondere Widerspruchsm\u00f6glichkeiten (Opt-Out), entnehmen Sie bitte den unten verlinkten Datenschutzhinweisen der Anbieter. Sollten Sie diesbez\u00fcglich dennoch Hilfe ben\u00f6tigen, k\u00f6nnen Sie sich an uns wenden.<\/p>\n\n\n\n<p>Widerspruchsm\u00f6glichkeit (Opt-Out):<br>Facebook: https:\/\/www.facebook.com\/settings?tab=ads<br>Twitter: https:\/\/twitter.com\/de\/privacy<\/p>\n","protected":false},"excerpt":{"rendered":"<p>Abele Gewerbe- Industrie ImmobilienLudwigstr. 1189231 Neu UlmTelefon: 0731\/2506232Telefax: 0731\/2507316E-Mail: info@gewerbeimmo-ulm.de Ab dem 25.Mai 2018 tritt die DSGVO in Kraft\u00dcber diesen Link gelangen Sie zur kompletten&hellip;<\/p>\n","protected":false},"author":1,"featured_media":0,"parent":0,"menu_order":0,"comment_status":"closed","ping_status":"closed","template":"","meta":[],"aioseo_notices":[],"_links":{"self":[{"href":"https:\/\/www.gewerbeimmo-ulm.de\/wordpress\/wp-json\/wp\/v2\/pages\/55"}],"collection":[{"href":"https:\/\/www.gewerbeimmo-ulm.de\/wordpress\/wp-json\/wp\/v2\/pages"}],"about":[{"href":"https:\/\/www.gewerbeimmo-ulm.de\/wordpress\/wp-json\/wp\/v2\/types\/page"}],"author":[{"embeddable":true,"href":"https:\/\/www.gewerbeimmo-ulm.de\/wordpress\/wp-json\/wp\/v2\/users\/1"}],"replies":[{"embeddable":true,"href":"https:\/\/www.gewerbeimmo-ulm.de\/wordpress\/wp-json\/wp\/v2\/comments?post=55"}],"version-history":[{"count":4,"href":"https:\/\/www.gewerbeimmo-ulm.de\/wordpress\/wp-json\/wp\/v2\/pages\/55\/revisions"}],"predecessor-version":[{"id":71,"href":"https:\/\/www.gewerbeimmo-ulm.de\/wordpress\/wp-json\/wp\/v2\/pages\/55\/revisions\/71"}],"wp:attachment":[{"href":"https:\/\/www.gewerbeimmo-ulm.de\/wordpress\/wp-json\/wp\/v2\/media?parent=55"}],"curies":[{"name":"wp","href":"https:\/\/api.w.org\/{rel}","templated":true}]}}